{"id":541,"date":"2026-04-16T18:24:25","date_gmt":"2026-04-16T16:24:25","guid":{"rendered":"https:\/\/synchrone.store\/?post_type=product&#038;p=541"},"modified":"2026-04-21T15:28:37","modified_gmt":"2026-04-21T13:28:37","slug":"cloudy-tee-bleu-delave-emeraude-2","status":"publish","type":"product","link":"https:\/\/synchrone.store\/?product=cloudy-tee-bleu-delave-emeraude-2","title":{"rendered":"CLOUDY TEE BLEU D\u00c9LAV\u00c9 &lsquo;EMERAUDE&rsquo;"},"content":{"rendered":"<p>18T-SHIRT COUPE OVERSIZE<\/p>\n<p>100% COTON BIO &#8211; 230g\/m\u00b2<\/p>\n<p>FABRIQU\u00c9 EN GR\u00c8CE<\/p>\n<p>S\u00c9RIGRAPHI\u00c9 EN FRANCE<\/p>\n<p>\/!\\ LAVAGE 30\u00b0 &#8211; PAS DE SECHE LINGE \/!\\<\/p>\n<p>NOUS VOUS INVITONS A EFFECTUER UN PREMIER LAVAGE A LA RECEPTION DU PRODUIT AVANT DE LE PORTER<\/p>\n<p>HUGO MESURE 1M80 ET PORTE DU L<\/p>\n","protected":false},"excerpt":{"rendered":"<p>18T-SHIRT COUPE OVERSIZE 100% COTON BIO &#8211; 230g\/m\u00b2 FABRIQU\u00c9 EN GR\u00c8CE S\u00c9RIGRAPHI\u00c9 EN FRANCE \/!\\ LAVAGE 30\u00b0 &#8211; PAS DE SECHE LINGE \/!\\ NOUS VOUS INVITONS A EFFECTUER UN PREMIER LAVAGE A LA RECEPTION DU PRODUIT AVANT DE LE PORTER HUGO MESURE 1M80 ET PORTE DU L<\/p>\n","protected":false},"featured_media":499,"template":"","meta":[],"product_brand":[],"product_cat":[15],"product_tag":[],"class_list":{"0":"post-541","1":"product","2":"type-product","3":"status-publish","4":"has-post-thumbnail","6":"product_cat-uncategorized","8":"first","9":"instock","10":"featured","11":"shipping-taxable","12":"purchasable","13":"product-type-variable"},"_links":{"self":[{"href":"https:\/\/synchrone.store\/index.php?rest_route=\/wp\/v2\/product\/541","targetHints":{"allow":["GET"]}}],"collection":[{"href":"https:\/\/synchrone.store\/index.php?rest_route=\/wp\/v2\/product"}],"about":[{"href":"https:\/\/synchrone.store\/index.php?rest_route=\/wp\/v2\/types\/product"}],"wp:featuredmedia":[{"embeddable":true,"href":"https:\/\/synchrone.store\/index.php?rest_route=\/wp\/v2\/media\/499"}],"wp:attachment":[{"href":"https:\/\/synchrone.store\/index.php?rest_route=%2Fwp%2Fv2%2Fmedia&parent=541"}],"wp:term":[{"taxonomy":"product_brand","embeddable":true,"href":"https:\/\/synchrone.store\/index.php?rest_route=%2Fwp%2Fv2%2Fproduct_brand&post=541"},{"taxonomy":"product_cat","embeddable":true,"href":"https:\/\/synchrone.store\/index.php?rest_route=%2Fwp%2Fv2%2Fproduct_cat&post=541"},{"taxonomy":"product_tag","embeddable":true,"href":"https:\/\/synchrone.store\/index.php?rest_route=%2Fwp%2Fv2%2Fproduct_tag&post=541"}],"curies":[{"name":"wp","href":"https:\/\/api.w.org\/{rel}","templated":true}]}}