{"id":534,"date":"2026-04-16T18:20:50","date_gmt":"2026-04-16T16:20:50","guid":{"rendered":"https:\/\/synchrone.store\/?post_type=product&#038;p=534"},"modified":"2026-04-20T22:14:14","modified_gmt":"2026-04-20T20:14:14","slug":"cloudy-tee-rose-rubis-2","status":"publish","type":"product","link":"https:\/\/synchrone.store\/?product=cloudy-tee-rose-rubis-2","title":{"rendered":"CLOUDY TEE ROSE &lsquo;RUBIS&rsquo;"},"content":{"rendered":"<p>T-SHIRT COUPE OVERSIZE<\/p>\n<p>100% COTON BIO &#8211; 230g\/m\u00b2<\/p>\n<p>FABRIQU\u00c9 EN GR\u00c8CE<\/p>\n<p>S\u00c9RIGRAPHI\u00c9 EN FRANCE<\/p>\n<p>\/!\\ LAVAGE 30\u00b0 &#8211; PAS DE SECHE LINGE \/!\\<\/p>\n<p>NOUS VOUS INVITONS A EFFECTUER UN PREMIER LAVAGE A LA RECEPTION DU PRODUIT AVANT DE LE PORTER<\/p>\n<p>HUGO MESURE 1M80 ET PORTE DU L<\/p>\n","protected":false},"excerpt":{"rendered":"<p>T-SHIRT COUPE OVERSIZE 100% COTON BIO &#8211; 230g\/m\u00b2 FABRIQU\u00c9 EN GR\u00c8CE S\u00c9RIGRAPHI\u00c9 EN FRANCE \/!\\ LAVAGE 30\u00b0 &#8211; PAS DE SECHE LINGE \/!\\ NOUS VOUS INVITONS A EFFECTUER UN PREMIER LAVAGE A LA RECEPTION DU PRODUIT AVANT DE LE PORTER HUGO MESURE 1M80 ET PORTE DU L<\/p>\n","protected":false},"featured_media":496,"template":"","meta":[],"product_brand":[],"product_cat":[15],"product_tag":[],"class_list":{"0":"post-534","1":"product","2":"type-product","3":"status-publish","4":"has-post-thumbnail","6":"product_cat-uncategorized","8":"first","9":"instock","10":"featured","11":"shipping-taxable","12":"purchasable","13":"product-type-variable"},"_links":{"self":[{"href":"https:\/\/synchrone.store\/index.php?rest_route=\/wp\/v2\/product\/534","targetHints":{"allow":["GET"]}}],"collection":[{"href":"https:\/\/synchrone.store\/index.php?rest_route=\/wp\/v2\/product"}],"about":[{"href":"https:\/\/synchrone.store\/index.php?rest_route=\/wp\/v2\/types\/product"}],"wp:featuredmedia":[{"embeddable":true,"href":"https:\/\/synchrone.store\/index.php?rest_route=\/wp\/v2\/media\/496"}],"wp:attachment":[{"href":"https:\/\/synchrone.store\/index.php?rest_route=%2Fwp%2Fv2%2Fmedia&parent=534"}],"wp:term":[{"taxonomy":"product_brand","embeddable":true,"href":"https:\/\/synchrone.store\/index.php?rest_route=%2Fwp%2Fv2%2Fproduct_brand&post=534"},{"taxonomy":"product_cat","embeddable":true,"href":"https:\/\/synchrone.store\/index.php?rest_route=%2Fwp%2Fv2%2Fproduct_cat&post=534"},{"taxonomy":"product_tag","embeddable":true,"href":"https:\/\/synchrone.store\/index.php?rest_route=%2Fwp%2Fv2%2Fproduct_tag&post=534"}],"curies":[{"name":"wp","href":"https:\/\/api.w.org\/{rel}","templated":true}]}}