{"id":144,"date":"2025-05-02T14:36:31","date_gmt":"2025-05-02T14:36:31","guid":{"rendered":"https:\/\/synchrone.store\/?post_type=product&#038;p=144"},"modified":"2025-12-09T21:56:20","modified_gmt":"2025-12-09T21:56:20","slug":"tee-arche-edition-correction-operation-reussie","status":"publish","type":"product","link":"https:\/\/synchrone.store\/?product=tee-arche-edition-correction-operation-reussie","title":{"rendered":"TEE ARCHE (EDITION CORRECTION)"},"content":{"rendered":"<p>T-SHIRT COUPE OVERSIZE<\/p>\n<p>100% COTON BIO &#8211; 230g\/m\u00b2<\/p>\n<p>FABRIQU\u00c9 EN GR\u00c8CE<\/p>\n<p>S\u00c9RIGRAPHI\u00c9 EN FRANCE<\/p>\n<p>\/!\\ LAVAGE 30\u00b0 &#8211; PAS DE SECHE LINGE \/!\\<\/p>\n<p>NOUS VOUS INVITONS A EFFECTUER UN PREMIER LAVAGE A LA RECEPTION DU PRODUIT AVANT DE LE PORTER<\/p>\n<p>HUGO MESURE 1M82 ET PORTE DU L<\/p>\n","protected":false},"excerpt":{"rendered":"<p>T-SHIRT COUPE OVERSIZE 100% COTON BIO &#8211; 230g\/m\u00b2 FABRIQU\u00c9 EN GR\u00c8CE S\u00c9RIGRAPHI\u00c9 EN FRANCE \/!\\ LAVAGE 30\u00b0 &#8211; PAS DE SECHE LINGE \/!\\ NOUS VOUS INVITONS A EFFECTUER UN PREMIER LAVAGE A LA RECEPTION DU PRODUIT AVANT DE LE PORTER HUGO MESURE 1M82 ET PORTE DU L<\/p>\n","protected":false},"featured_media":178,"template":"","meta":[],"product_brand":[],"product_cat":[15],"product_tag":[24,34,32,33,29,28,30,31,27,35],"class_list":{"0":"post-144","1":"product","2":"type-product","3":"status-publish","4":"has-post-thumbnail","6":"product_cat-uncategorized","7":"product_tag-alpes","8":"product_tag-beige","9":"product_tag-coton","10":"product_tag-coton-bio","11":"product_tag-montagnes","12":"product_tag-oversize","13":"product_tag-photo","14":"product_tag-photographie","15":"product_tag-serigraphie","16":"product_tag-synchrone","18":"first","19":"instock","20":"featured","21":"shipping-taxable","22":"purchasable","23":"product-type-variable"},"yoast_head":"<!-- This site is optimized with the Yoast SEO plugin v27.1.1 - https:\/\/yoast.com\/product\/yoast-seo-wordpress\/ -->\n<title>TEE ARCHE (EDITION CORRECTION) - synchrone<\/title>\n<meta name=\"robots\" content=\"index, follow, max-snippet:-1, max-image-preview:large, max-video-preview:-1\" \/>\n<link rel=\"canonical\" href=\"https:\/\/synchrone.store\/?product=tee-arche-edition-correction-operation-reussie\" \/>\n<meta property=\"og:locale\" content=\"fr_FR\" \/>\n<meta property=\"og:type\" content=\"article\" \/>\n<meta property=\"og:title\" content=\"TEE ARCHE (EDITION CORRECTION) - synchrone\" \/>\n<meta property=\"og:description\" content=\"T-SHIRT COUPE OVERSIZE 100% COTON BIO &#8211; 230g\/m\u00b2 FABRIQU\u00c9 EN GR\u00c8CE S\u00c9RIGRAPHI\u00c9 EN FRANCE \/! LAVAGE 30\u00b0 &#8211; PAS DE SECHE LINGE \/! NOUS VOUS INVITONS A EFFECTUER UN PREMIER LAVAGE A LA RECEPTION DU PRODUIT AVANT DE LE PORTER HUGO MESURE 1M82 ET PORTE DU L\" \/>\n<meta property=\"og:url\" content=\"https:\/\/synchrone.store\/?product=tee-arche-edition-correction-operation-reussie\" \/>\n<meta property=\"og:site_name\" content=\"synchrone\" \/>\n<meta property=\"article:modified_time\" content=\"2025-12-09T21:56:20+00:00\" \/>\n<meta property=\"og:image\" content=\"https:\/\/synchrone.store\/wp-content\/uploads\/2025\/05\/TEE-ARCHE-CORRECTION-FRONT-SPE-OPTI-1024x1024.png\" \/>\n\t<meta property=\"og:image:width\" content=\"1024\" \/>\n\t<meta property=\"og:image:height\" content=\"1024\" \/>\n\t<meta property=\"og:image:type\" content=\"image\/png\" \/>\n<meta name=\"twitter:card\" content=\"summary_large_image\" \/>\n<meta name=\"twitter:label1\" content=\"Dur\u00e9e de lecture estim\u00e9e\" \/>\n\t<meta name=\"twitter:data1\" content=\"1 minute\" \/>\n<script type=\"application\/ld+json\" class=\"yoast-schema-graph\">{\"@context\":\"https:\/\/schema.org\",\"@graph\":[{\"@type\":\"WebPage\",\"@id\":\"https:\/\/synchrone.store\/?product=tee-arche-edition-correction-operation-reussie\",\"url\":\"https:\/\/synchrone.store\/?product=tee-arche-edition-correction-operation-reussie\",\"name\":\"TEE ARCHE (EDITION CORRECTION) - synchrone\",\"isPartOf\":{\"@id\":\"https:\/\/synchrone.store\/#website\"},\"primaryImageOfPage\":{\"@id\":\"https:\/\/synchrone.store\/?product=tee-arche-edition-correction-operation-reussie#primaryimage\"},\"image\":{\"@id\":\"https:\/\/synchrone.store\/?product=tee-arche-edition-correction-operation-reussie#primaryimage\"},\"thumbnailUrl\":\"https:\/\/synchrone.store\/wp-content\/uploads\/2025\/05\/TEE-ARCHE-CORRECTION-FRONT-SPE-OPTI.png\",\"datePublished\":\"2025-05-02T14:36:31+00:00\",\"dateModified\":\"2025-12-09T21:56:20+00:00\",\"breadcrumb\":{\"@id\":\"https:\/\/synchrone.store\/?product=tee-arche-edition-correction-operation-reussie#breadcrumb\"},\"inLanguage\":\"fr-FR\",\"potentialAction\":[{\"@type\":\"ReadAction\",\"target\":[\"https:\/\/synchrone.store\/?product=tee-arche-edition-correction-operation-reussie\"]}]},{\"@type\":\"ImageObject\",\"inLanguage\":\"fr-FR\",\"@id\":\"https:\/\/synchrone.store\/?product=tee-arche-edition-correction-operation-reussie#primaryimage\",\"url\":\"https:\/\/synchrone.store\/wp-content\/uploads\/2025\/05\/TEE-ARCHE-CORRECTION-FRONT-SPE-OPTI.png\",\"contentUrl\":\"https:\/\/synchrone.store\/wp-content\/uploads\/2025\/05\/TEE-ARCHE-CORRECTION-FRONT-SPE-OPTI.png\",\"width\":1920,\"height\":1920},{\"@type\":\"BreadcrumbList\",\"@id\":\"https:\/\/synchrone.store\/?product=tee-arche-edition-correction-operation-reussie#breadcrumb\",\"itemListElement\":[{\"@type\":\"ListItem\",\"position\":1,\"name\":\"Accueil\",\"item\":\"https:\/\/synchrone.store\/\"},{\"@type\":\"ListItem\",\"position\":2,\"name\":\"Produits\",\"item\":\"https:\/\/synchrone.store\/shop\/\"},{\"@type\":\"ListItem\",\"position\":3,\"name\":\"TEE ARCHE (EDITION CORRECTION)\"}]},{\"@type\":\"WebSite\",\"@id\":\"https:\/\/synchrone.store\/#website\",\"url\":\"https:\/\/synchrone.store\/\",\"name\":\"synchrone\",\"description\":\"Marque ind\u00e9pendante, v\u00eatements 100% coton bio fabriqu\u00e9s en Europe et s\u00e9rigraphi\u00e9s en France dans notre atelier de s\u00e9rigraphie.\",\"publisher\":{\"@id\":\"https:\/\/synchrone.store\/#organization\"},\"potentialAction\":[{\"@type\":\"SearchAction\",\"target\":{\"@type\":\"EntryPoint\",\"urlTemplate\":\"https:\/\/synchrone.store\/?s={search_term_string}\"},\"query-input\":{\"@type\":\"PropertyValueSpecification\",\"valueRequired\":true,\"valueName\":\"search_term_string\"}}],\"inLanguage\":\"fr-FR\"},{\"@type\":\"Organization\",\"@id\":\"https:\/\/synchrone.store\/#organization\",\"name\":\"synchrone\",\"url\":\"https:\/\/synchrone.store\/\",\"logo\":{\"@type\":\"ImageObject\",\"inLanguage\":\"fr-FR\",\"@id\":\"https:\/\/synchrone.store\/#\/schema\/logo\/image\/\",\"url\":\"https:\/\/synchrone.store\/wp-content\/uploads\/2025\/04\/LOGO-VANILLA-1-scaled.png\",\"contentUrl\":\"https:\/\/synchrone.store\/wp-content\/uploads\/2025\/04\/LOGO-VANILLA-1-scaled.png\",\"width\":2560,\"height\":526,\"caption\":\"synchrone\"},\"image\":{\"@id\":\"https:\/\/synchrone.store\/#\/schema\/logo\/image\/\"},\"sameAs\":[\"https:\/\/www.instagram.com\/_synchrone_\/\"]}]}<\/script>\n<!-- \/ Yoast SEO plugin. -->","yoast_head_json":{"title":"TEE ARCHE (EDITION CORRECTION) - synchrone","robots":{"index":"index","follow":"follow","max-snippet":"max-snippet:-1","max-image-preview":"max-image-preview:large","max-video-preview":"max-video-preview:-1"},"canonical":"https:\/\/synchrone.store\/?product=tee-arche-edition-correction-operation-reussie","og_locale":"fr_FR","og_type":"article","og_title":"TEE ARCHE (EDITION CORRECTION) - synchrone","og_description":"T-SHIRT COUPE OVERSIZE 100% COTON BIO &#8211; 230g\/m\u00b2 FABRIQU\u00c9 EN GR\u00c8CE S\u00c9RIGRAPHI\u00c9 EN FRANCE \/! LAVAGE 30\u00b0 &#8211; PAS DE SECHE LINGE \/! NOUS VOUS INVITONS A EFFECTUER UN PREMIER LAVAGE A LA RECEPTION DU PRODUIT AVANT DE LE PORTER HUGO MESURE 1M82 ET PORTE DU L","og_url":"https:\/\/synchrone.store\/?product=tee-arche-edition-correction-operation-reussie","og_site_name":"synchrone","article_modified_time":"2025-12-09T21:56:20+00:00","og_image":[{"width":1024,"height":1024,"url":"https:\/\/synchrone.store\/wp-content\/uploads\/2025\/05\/TEE-ARCHE-CORRECTION-FRONT-SPE-OPTI-1024x1024.png","type":"image\/png"}],"twitter_card":"summary_large_image","twitter_misc":{"Dur\u00e9e de lecture estim\u00e9e":"1 minute"},"schema":{"@context":"https:\/\/schema.org","@graph":[{"@type":"WebPage","@id":"https:\/\/synchrone.store\/?product=tee-arche-edition-correction-operation-reussie","url":"https:\/\/synchrone.store\/?product=tee-arche-edition-correction-operation-reussie","name":"TEE ARCHE (EDITION CORRECTION) - synchrone","isPartOf":{"@id":"https:\/\/synchrone.store\/#website"},"primaryImageOfPage":{"@id":"https:\/\/synchrone.store\/?product=tee-arche-edition-correction-operation-reussie#primaryimage"},"image":{"@id":"https:\/\/synchrone.store\/?product=tee-arche-edition-correction-operation-reussie#primaryimage"},"thumbnailUrl":"https:\/\/synchrone.store\/wp-content\/uploads\/2025\/05\/TEE-ARCHE-CORRECTION-FRONT-SPE-OPTI.png","datePublished":"2025-05-02T14:36:31+00:00","dateModified":"2025-12-09T21:56:20+00:00","breadcrumb":{"@id":"https:\/\/synchrone.store\/?product=tee-arche-edition-correction-operation-reussie#breadcrumb"},"inLanguage":"fr-FR","potentialAction":[{"@type":"ReadAction","target":["https:\/\/synchrone.store\/?product=tee-arche-edition-correction-operation-reussie"]}]},{"@type":"ImageObject","inLanguage":"fr-FR","@id":"https:\/\/synchrone.store\/?product=tee-arche-edition-correction-operation-reussie#primaryimage","url":"https:\/\/synchrone.store\/wp-content\/uploads\/2025\/05\/TEE-ARCHE-CORRECTION-FRONT-SPE-OPTI.png","contentUrl":"https:\/\/synchrone.store\/wp-content\/uploads\/2025\/05\/TEE-ARCHE-CORRECTION-FRONT-SPE-OPTI.png","width":1920,"height":1920},{"@type":"BreadcrumbList","@id":"https:\/\/synchrone.store\/?product=tee-arche-edition-correction-operation-reussie#breadcrumb","itemListElement":[{"@type":"ListItem","position":1,"name":"Accueil","item":"https:\/\/synchrone.store\/"},{"@type":"ListItem","position":2,"name":"Produits","item":"https:\/\/synchrone.store\/shop\/"},{"@type":"ListItem","position":3,"name":"TEE ARCHE (EDITION CORRECTION)"}]},{"@type":"WebSite","@id":"https:\/\/synchrone.store\/#website","url":"https:\/\/synchrone.store\/","name":"synchrone","description":"Marque ind\u00e9pendante, v\u00eatements 100% coton bio fabriqu\u00e9s en Europe et s\u00e9rigraphi\u00e9s en France dans notre atelier de s\u00e9rigraphie.","publisher":{"@id":"https:\/\/synchrone.store\/#organization"},"potentialAction":[{"@type":"SearchAction","target":{"@type":"EntryPoint","urlTemplate":"https:\/\/synchrone.store\/?s={search_term_string}"},"query-input":{"@type":"PropertyValueSpecification","valueRequired":true,"valueName":"search_term_string"}}],"inLanguage":"fr-FR"},{"@type":"Organization","@id":"https:\/\/synchrone.store\/#organization","name":"synchrone","url":"https:\/\/synchrone.store\/","logo":{"@type":"ImageObject","inLanguage":"fr-FR","@id":"https:\/\/synchrone.store\/#\/schema\/logo\/image\/","url":"https:\/\/synchrone.store\/wp-content\/uploads\/2025\/04\/LOGO-VANILLA-1-scaled.png","contentUrl":"https:\/\/synchrone.store\/wp-content\/uploads\/2025\/04\/LOGO-VANILLA-1-scaled.png","width":2560,"height":526,"caption":"synchrone"},"image":{"@id":"https:\/\/synchrone.store\/#\/schema\/logo\/image\/"},"sameAs":["https:\/\/www.instagram.com\/_synchrone_\/"]}]}},"_links":{"self":[{"href":"https:\/\/synchrone.store\/index.php?rest_route=\/wp\/v2\/product\/144","targetHints":{"allow":["GET"]}}],"collection":[{"href":"https:\/\/synchrone.store\/index.php?rest_route=\/wp\/v2\/product"}],"about":[{"href":"https:\/\/synchrone.store\/index.php?rest_route=\/wp\/v2\/types\/product"}],"wp:featuredmedia":[{"embeddable":true,"href":"https:\/\/synchrone.store\/index.php?rest_route=\/wp\/v2\/media\/178"}],"wp:attachment":[{"href":"https:\/\/synchrone.store\/index.php?rest_route=%2Fwp%2Fv2%2Fmedia&parent=144"}],"wp:term":[{"taxonomy":"product_brand","embeddable":true,"href":"https:\/\/synchrone.store\/index.php?rest_route=%2Fwp%2Fv2%2Fproduct_brand&post=144"},{"taxonomy":"product_cat","embeddable":true,"href":"https:\/\/synchrone.store\/index.php?rest_route=%2Fwp%2Fv2%2Fproduct_cat&post=144"},{"taxonomy":"product_tag","embeddable":true,"href":"https:\/\/synchrone.store\/index.php?rest_route=%2Fwp%2Fv2%2Fproduct_tag&post=144"}],"curies":[{"name":"wp","href":"https:\/\/api.w.org\/{rel}","templated":true}]}}