{"id":398,"date":"2025-11-26T18:16:11","date_gmt":"2025-11-26T18:16:11","guid":{"rendered":"https:\/\/synchrone.store\/?page_id=398"},"modified":"2025-11-27T17:00:03","modified_gmt":"2025-11-27T17:00:03","slug":"panier","status":"publish","type":"page","link":"https:\/\/synchrone.store\/?page_id=398","title":{"rendered":"Panier"},"content":{"rendered":"\n<div data-block-name=\"woocommerce\/cart\" class=\"wp-block-woocommerce-cart alignwide is-loading\">\n<div data-block-name=\"woocommerce\/filled-cart-block\" class=\"wp-block-woocommerce-filled-cart-block\">\n<div data-block-name=\"woocommerce\/cart-items-block\" class=\"wp-block-woocommerce-cart-items-block\">\n<div data-block-name=\"woocommerce\/cart-line-items-block\" class=\"wp-block-woocommerce-cart-line-items-block\"><\/div>\n\n\n<\/div>\n\n\n\n<div data-block-name=\"woocommerce\/cart-totals-block\" class=\"wp-block-woocommerce-cart-totals-block\">\n<div data-block-name=\"woocommerce\/cart-order-summary-block\" class=\"wp-block-woocommerce-cart-order-summary-block\">\n<div data-block-name=\"woocommerce\/cart-order-summary-heading-block\" data-content=\"Total panier\" class=\"wp-block-woocommerce-cart-order-summary-heading-block\"><\/div>\n\n\n\n<div data-block-name=\"woocommerce\/cart-order-summary-coupon-form-block\" class=\"wp-block-woocommerce-cart-order-summary-coupon-form-block\"><\/div>\n\n\n\n<div data-block-name=\"woocommerce\/cart-order-summary-totals-block\" class=\"wp-block-woocommerce-cart-order-summary-totals-block\">\n<div data-block-name=\"woocommerce\/cart-order-summary-subtotal-block\" class=\"wp-block-woocommerce-cart-order-summary-subtotal-block\"><\/div>\n\n\n\n<div data-block-name=\"woocommerce\/cart-order-summary-fee-block\" class=\"wp-block-woocommerce-cart-order-summary-fee-block\"><\/div>\n\n\n\n<div data-block-name=\"woocommerce\/cart-order-summary-discount-block\" class=\"wp-block-woocommerce-cart-order-summary-discount-block\"><\/div>\n\n\n\n<div data-block-name=\"woocommerce\/cart-order-summary-shipping-block\" class=\"wp-block-woocommerce-cart-order-summary-shipping-block\"><\/div>\n\n\n\n<div data-block-name=\"woocommerce\/cart-order-summary-taxes-block\" class=\"wp-block-woocommerce-cart-order-summary-taxes-block\"><\/div>\n<\/div>\n<\/div>\n\n\n\n<div data-block-name=\"woocommerce\/cart-express-payment-block\" class=\"wp-block-woocommerce-cart-express-payment-block\"><\/div>\n\n\n\n<div data-block-name=\"woocommerce\/proceed-to-checkout-block\" class=\"wp-block-woocommerce-proceed-to-checkout-block\"><\/div>\n\n\n\n<div data-block-name=\"woocommerce\/cart-accepted-payment-methods-block\" class=\"wp-block-woocommerce-cart-accepted-payment-methods-block\"><\/div>\n<\/div>\n<\/div>\n\n\n\n<div data-block-name=\"woocommerce\/empty-cart-block\" class=\"wp-block-woocommerce-empty-cart-block\">\n<h2 class=\"wp-block-heading has-text-align-center with-empty-cart-icon wc-block-cart__empty-cart__title\">Votre panier est actuellement vide&nbsp;!<\/h2>\n\n\n\n<hr class=\"wp-block-separator has-alpha-channel-opacity is-style-dots\"\/>\n\n\n<div data-block-name=\"woocommerce\/product-new\" data-columns=\"4\" data-rows=\"1\" class=\"wc-block-grid wp-block-product-new wp-block-woocommerce-product-new wc-block-product-new has-4-columns\"><ul class=\"wc-block-grid__products\"><li class=\"wc-block-grid__product\">\n\t\t\t\t<a href=\"https:\/\/synchrone.store\/?product=cloudy-tee-noir\" class=\"wc-block-grid__product-link\">\n\t\t\t\t\t\n\t\t\t\t\t<div class=\"wc-block-grid__product-image\"><img loading=\"lazy\" decoding=\"async\" width=\"300\" height=\"300\" src=\"https:\/\/synchrone.store\/wp-content\/uploads\/2025\/11\/TEE-CLOUDS-FRONT-B-SPE-OPTI-1-300x300.png\" class=\"attachment-woocommerce_thumbnail size-woocommerce_thumbnail\" alt=\"CLOUDY TEE BEIGE &#039;ONYX&#039;\" srcset=\"https:\/\/synchrone.store\/wp-content\/uploads\/2025\/11\/TEE-CLOUDS-FRONT-B-SPE-OPTI-1-300x300.png 300w, https:\/\/synchrone.store\/wp-content\/uploads\/2025\/11\/TEE-CLOUDS-FRONT-B-SPE-OPTI-1-1024x1024.png 1024w, https:\/\/synchrone.store\/wp-content\/uploads\/2025\/11\/TEE-CLOUDS-FRONT-B-SPE-OPTI-1-150x150.png 150w, https:\/\/synchrone.store\/wp-content\/uploads\/2025\/11\/TEE-CLOUDS-FRONT-B-SPE-OPTI-1-768x768.png 768w, https:\/\/synchrone.store\/wp-content\/uploads\/2025\/11\/TEE-CLOUDS-FRONT-B-SPE-OPTI-1-1536x1536.png 1536w, https:\/\/synchrone.store\/wp-content\/uploads\/2025\/11\/TEE-CLOUDS-FRONT-B-SPE-OPTI-1-600x600.png 600w, https:\/\/synchrone.store\/wp-content\/uploads\/2025\/11\/TEE-CLOUDS-FRONT-B-SPE-OPTI-1-100x100.png 100w, https:\/\/synchrone.store\/wp-content\/uploads\/2025\/11\/TEE-CLOUDS-FRONT-B-SPE-OPTI-1.png 1920w\" sizes=\"auto, (max-width: 300px) 100vw, 300px\" \/><\/div>\n\t\t\t\t\t<div class=\"wc-block-grid__product-title\">CLOUDY TEE BEIGE &lsquo;ONYX&rsquo;<\/div>\n\t\t\t\t<\/a>\n\t\t\t\t<div class=\"wc-block-grid__product-price price\"><span class=\"woocommerce-Price-amount amount\">30,00&nbsp;<span class=\"woocommerce-Price-currencySymbol\">&euro;<\/span><\/span><\/div>\n\t\t\t\t\n\t\t\t\t<div class=\"wp-block-button wc-block-grid__product-add-to-cart\"><a href=\"https:\/\/synchrone.store\/?product=cloudy-tee-noir\" aria-label=\"S\u00e9lectionner les options pour &ldquo;CLOUDY TEE BEIGE &#039;ONYX&#039;&rdquo;\" data-quantity=\"1\" data-product_id=\"305\" data-product_sku=\"\" data-price=\"30\" rel=\"nofollow\" class=\"wp-block-button__link wp-element-button add_to_cart_button\">Choix des options<\/a><\/div>\n\t\t\t<\/li><li class=\"wc-block-grid__product\">\n\t\t\t\t<a href=\"https:\/\/synchrone.store\/?product=tee-clouds-violet\" class=\"wc-block-grid__product-link\">\n\t\t\t\t\t\n\t\t\t\t\t<div class=\"wc-block-grid__product-image\"><img loading=\"lazy\" decoding=\"async\" width=\"300\" height=\"300\" src=\"https:\/\/synchrone.store\/wp-content\/uploads\/2025\/11\/TEE-CLOUDS-FRONT-V2-SPE-OPTI-6-300x300.png\" class=\"attachment-woocommerce_thumbnail size-woocommerce_thumbnail\" alt=\"CLOUDY TEE BEIGE &#039;AM\u00c9THYSTE&#039;\" srcset=\"https:\/\/synchrone.store\/wp-content\/uploads\/2025\/11\/TEE-CLOUDS-FRONT-V2-SPE-OPTI-6-300x300.png 300w, https:\/\/synchrone.store\/wp-content\/uploads\/2025\/11\/TEE-CLOUDS-FRONT-V2-SPE-OPTI-6-1024x1024.png 1024w, https:\/\/synchrone.store\/wp-content\/uploads\/2025\/11\/TEE-CLOUDS-FRONT-V2-SPE-OPTI-6-150x150.png 150w, https:\/\/synchrone.store\/wp-content\/uploads\/2025\/11\/TEE-CLOUDS-FRONT-V2-SPE-OPTI-6-768x768.png 768w, https:\/\/synchrone.store\/wp-content\/uploads\/2025\/11\/TEE-CLOUDS-FRONT-V2-SPE-OPTI-6-1536x1536.png 1536w, https:\/\/synchrone.store\/wp-content\/uploads\/2025\/11\/TEE-CLOUDS-FRONT-V2-SPE-OPTI-6-600x600.png 600w, https:\/\/synchrone.store\/wp-content\/uploads\/2025\/11\/TEE-CLOUDS-FRONT-V2-SPE-OPTI-6-100x100.png 100w, https:\/\/synchrone.store\/wp-content\/uploads\/2025\/11\/TEE-CLOUDS-FRONT-V2-SPE-OPTI-6.png 1920w\" sizes=\"auto, (max-width: 300px) 100vw, 300px\" \/><\/div>\n\t\t\t\t\t<div class=\"wc-block-grid__product-title\">CLOUDY TEE BEIGE &lsquo;AM\u00c9THYSTE&rsquo;<\/div>\n\t\t\t\t<\/a>\n\t\t\t\t<div class=\"wc-block-grid__product-price price\"><span class=\"woocommerce-Price-amount amount\">30,00&nbsp;<span class=\"woocommerce-Price-currencySymbol\">&euro;<\/span><\/span><\/div>\n\t\t\t\t\n\t\t\t\t<div class=\"wp-block-button wc-block-grid__product-add-to-cart\"><a href=\"https:\/\/synchrone.store\/?product=tee-clouds-violet\" aria-label=\"S\u00e9lectionner les options pour &ldquo;CLOUDY TEE BEIGE &#039;AM\u00c9THYSTE&#039;&rdquo;\" data-quantity=\"1\" data-product_id=\"232\" data-product_sku=\"\" data-price=\"30\" rel=\"nofollow\" class=\"wp-block-button__link wp-element-button add_to_cart_button\">Choix des options<\/a><\/div>\n\t\t\t<\/li><li class=\"wc-block-grid__product\">\n\t\t\t\t<a href=\"https:\/\/synchrone.store\/?product=tee-arche-edition-correction-operation-reussie\" class=\"wc-block-grid__product-link\">\n\t\t\t\t\t\n\t\t\t\t\t<div class=\"wc-block-grid__product-image\"><img loading=\"lazy\" decoding=\"async\" width=\"300\" height=\"300\" src=\"https:\/\/synchrone.store\/wp-content\/uploads\/2025\/05\/TEE-ARCHE-CORRECTION-FRONT-SPE-OPTI-300x300.png\" class=\"attachment-woocommerce_thumbnail size-woocommerce_thumbnail\" alt=\"TEE ARCHE (EDITION CORRECTION)\" srcset=\"https:\/\/synchrone.store\/wp-content\/uploads\/2025\/05\/TEE-ARCHE-CORRECTION-FRONT-SPE-OPTI-300x300.png 300w, https:\/\/synchrone.store\/wp-content\/uploads\/2025\/05\/TEE-ARCHE-CORRECTION-FRONT-SPE-OPTI-1024x1024.png 1024w, https:\/\/synchrone.store\/wp-content\/uploads\/2025\/05\/TEE-ARCHE-CORRECTION-FRONT-SPE-OPTI-150x150.png 150w, https:\/\/synchrone.store\/wp-content\/uploads\/2025\/05\/TEE-ARCHE-CORRECTION-FRONT-SPE-OPTI-768x768.png 768w, https:\/\/synchrone.store\/wp-content\/uploads\/2025\/05\/TEE-ARCHE-CORRECTION-FRONT-SPE-OPTI-1536x1536.png 1536w, https:\/\/synchrone.store\/wp-content\/uploads\/2025\/05\/TEE-ARCHE-CORRECTION-FRONT-SPE-OPTI-600x600.png 600w, https:\/\/synchrone.store\/wp-content\/uploads\/2025\/05\/TEE-ARCHE-CORRECTION-FRONT-SPE-OPTI-100x100.png 100w, https:\/\/synchrone.store\/wp-content\/uploads\/2025\/05\/TEE-ARCHE-CORRECTION-FRONT-SPE-OPTI.png 1920w\" sizes=\"auto, (max-width: 300px) 100vw, 300px\" \/><\/div>\n\t\t\t\t\t<div class=\"wc-block-grid__product-title\">TEE ARCHE (EDITION CORRECTION)<\/div>\n\t\t\t\t<\/a>\n\t\t\t\t<div class=\"wc-block-grid__product-price price\"><span class=\"woocommerce-Price-amount amount\">30,00&nbsp;<span class=\"woocommerce-Price-currencySymbol\">&euro;<\/span><\/span><\/div>\n\t\t\t\t\n\t\t\t\t<div class=\"wp-block-button wc-block-grid__product-add-to-cart\"><a href=\"https:\/\/synchrone.store\/?product=tee-arche-edition-correction-operation-reussie\" aria-label=\"S\u00e9lectionner les options pour &ldquo;TEE ARCHE (EDITION CORRECTION)&rdquo;\" data-quantity=\"1\" data-product_id=\"144\" data-product_sku=\"\" data-price=\"30\" rel=\"nofollow\" class=\"wp-block-button__link wp-element-button add_to_cart_button\">Choix des options<\/a><\/div>\n\t\t\t<\/li><li class=\"wc-block-grid__product\">\n\t\t\t\t<a href=\"https:\/\/synchrone.store\/?product=tee-arche\" class=\"wc-block-grid__product-link\">\n\t\t\t\t\t\n\t\t\t\t\t<div class=\"wc-block-grid__product-image\"><img loading=\"lazy\" decoding=\"async\" width=\"300\" height=\"300\" src=\"https:\/\/synchrone.store\/wp-content\/uploads\/2025\/05\/TEE-ARCHE-FRONT-SPE-OPTI-300x300.png\" class=\"attachment-woocommerce_thumbnail size-woocommerce_thumbnail\" alt=\"TEE ARCHE\" srcset=\"https:\/\/synchrone.store\/wp-content\/uploads\/2025\/05\/TEE-ARCHE-FRONT-SPE-OPTI-300x300.png 300w, https:\/\/synchrone.store\/wp-content\/uploads\/2025\/05\/TEE-ARCHE-FRONT-SPE-OPTI-1024x1024.png 1024w, https:\/\/synchrone.store\/wp-content\/uploads\/2025\/05\/TEE-ARCHE-FRONT-SPE-OPTI-150x150.png 150w, https:\/\/synchrone.store\/wp-content\/uploads\/2025\/05\/TEE-ARCHE-FRONT-SPE-OPTI-768x768.png 768w, https:\/\/synchrone.store\/wp-content\/uploads\/2025\/05\/TEE-ARCHE-FRONT-SPE-OPTI-1536x1536.png 1536w, https:\/\/synchrone.store\/wp-content\/uploads\/2025\/05\/TEE-ARCHE-FRONT-SPE-OPTI-600x600.png 600w, https:\/\/synchrone.store\/wp-content\/uploads\/2025\/05\/TEE-ARCHE-FRONT-SPE-OPTI-100x100.png 100w, https:\/\/synchrone.store\/wp-content\/uploads\/2025\/05\/TEE-ARCHE-FRONT-SPE-OPTI.png 1920w\" sizes=\"auto, (max-width: 300px) 100vw, 300px\" \/><\/div>\n\t\t\t\t\t<div class=\"wc-block-grid__product-title\">TEE ARCHE<\/div>\n\t\t\t\t<\/a>\n\t\t\t\t<div class=\"wc-block-grid__product-price price\"><span class=\"woocommerce-Price-amount amount\">30,00&nbsp;<span class=\"woocommerce-Price-currencySymbol\">&euro;<\/span><\/span><\/div>\n\t\t\t\t\n\t\t\t\t<div class=\"wp-block-button wc-block-grid__product-add-to-cart\"><a href=\"https:\/\/synchrone.store\/?product=tee-arche\" aria-label=\"S\u00e9lectionner les options pour &ldquo;TEE ARCHE&rdquo;\" data-quantity=\"1\" data-product_id=\"128\" data-product_sku=\"\" data-price=\"30\" rel=\"nofollow\" class=\"wp-block-button__link wp-element-button add_to_cart_button\">Choix des options<\/a><\/div>\n\t\t\t<\/li><\/ul><\/div><\/div>\n<\/div>\n","protected":false},"excerpt":{"rendered":"","protected":false},"author":1,"featured_media":0,"parent":0,"menu_order":0,"comment_status":"closed","ping_status":"closed","template":"","meta":{"footnotes":""},"class_list":["post-398","page","type-page","status-publish","hentry"],"yoast_head":"<!-- This site is optimized with the Yoast SEO plugin v27.1.1 - https:\/\/yoast.com\/product\/yoast-seo-wordpress\/ -->\n<title>Panier - synchrone<\/title>\n<meta name=\"robots\" content=\"index, follow, max-snippet:-1, max-image-preview:large, max-video-preview:-1\" \/>\n<link rel=\"canonical\" href=\"https:\/\/synchrone.store\/?page_id=398\" \/>\n<meta property=\"og:locale\" content=\"fr_FR\" \/>\n<meta property=\"og:type\" content=\"article\" \/>\n<meta property=\"og:title\" content=\"Panier - synchrone\" \/>\n<meta property=\"og:url\" content=\"https:\/\/synchrone.store\/?page_id=398\" \/>\n<meta property=\"og:site_name\" content=\"synchrone\" \/>\n<meta property=\"article:modified_time\" content=\"2025-11-27T17:00:03+00:00\" \/>\n<meta name=\"twitter:card\" content=\"summary_large_image\" \/>\n<meta name=\"twitter:label1\" content=\"Dur\u00e9e de lecture estim\u00e9e\" \/>\n\t<meta name=\"twitter:data1\" content=\"1 minute\" \/>\n<script type=\"application\/ld+json\" class=\"yoast-schema-graph\">{\"@context\":\"https:\/\/schema.org\",\"@graph\":[{\"@type\":\"WebPage\",\"@id\":\"https:\/\/synchrone.store\/?page_id=398\",\"url\":\"https:\/\/synchrone.store\/?page_id=398\",\"name\":\"Panier - synchrone\",\"isPartOf\":{\"@id\":\"https:\/\/synchrone.store\/#website\"},\"datePublished\":\"2025-11-26T18:16:11+00:00\",\"dateModified\":\"2025-11-27T17:00:03+00:00\",\"breadcrumb\":{\"@id\":\"https:\/\/synchrone.store\/?page_id=398#breadcrumb\"},\"inLanguage\":\"fr-FR\",\"potentialAction\":[{\"@type\":\"ReadAction\",\"target\":[\"https:\/\/synchrone.store\/?page_id=398\"]}]},{\"@type\":\"BreadcrumbList\",\"@id\":\"https:\/\/synchrone.store\/?page_id=398#breadcrumb\",\"itemListElement\":[{\"@type\":\"ListItem\",\"position\":1,\"name\":\"Accueil\",\"item\":\"https:\/\/synchrone.store\/\"},{\"@type\":\"ListItem\",\"position\":2,\"name\":\"Panier\"}]},{\"@type\":\"WebSite\",\"@id\":\"https:\/\/synchrone.store\/#website\",\"url\":\"https:\/\/synchrone.store\/\",\"name\":\"synchrone\",\"description\":\"Marque ind\u00e9pendante, v\u00eatements 100% coton bio fabriqu\u00e9s en Europe et s\u00e9rigraphi\u00e9s en France dans notre atelier de s\u00e9rigraphie.\",\"publisher\":{\"@id\":\"https:\/\/synchrone.store\/#organization\"},\"potentialAction\":[{\"@type\":\"SearchAction\",\"target\":{\"@type\":\"EntryPoint\",\"urlTemplate\":\"https:\/\/synchrone.store\/?s={search_term_string}\"},\"query-input\":{\"@type\":\"PropertyValueSpecification\",\"valueRequired\":true,\"valueName\":\"search_term_string\"}}],\"inLanguage\":\"fr-FR\"},{\"@type\":\"Organization\",\"@id\":\"https:\/\/synchrone.store\/#organization\",\"name\":\"synchrone\",\"url\":\"https:\/\/synchrone.store\/\",\"logo\":{\"@type\":\"ImageObject\",\"inLanguage\":\"fr-FR\",\"@id\":\"https:\/\/synchrone.store\/#\/schema\/logo\/image\/\",\"url\":\"https:\/\/synchrone.store\/wp-content\/uploads\/2025\/04\/LOGO-VANILLA-1-scaled.png\",\"contentUrl\":\"https:\/\/synchrone.store\/wp-content\/uploads\/2025\/04\/LOGO-VANILLA-1-scaled.png\",\"width\":2560,\"height\":526,\"caption\":\"synchrone\"},\"image\":{\"@id\":\"https:\/\/synchrone.store\/#\/schema\/logo\/image\/\"},\"sameAs\":[\"https:\/\/www.instagram.com\/_synchrone_\/\"]}]}<\/script>\n<!-- \/ Yoast SEO plugin. -->","yoast_head_json":{"title":"Panier - synchrone","robots":{"index":"index","follow":"follow","max-snippet":"max-snippet:-1","max-image-preview":"max-image-preview:large","max-video-preview":"max-video-preview:-1"},"canonical":"https:\/\/synchrone.store\/?page_id=398","og_locale":"fr_FR","og_type":"article","og_title":"Panier - synchrone","og_url":"https:\/\/synchrone.store\/?page_id=398","og_site_name":"synchrone","article_modified_time":"2025-11-27T17:00:03+00:00","twitter_card":"summary_large_image","twitter_misc":{"Dur\u00e9e de lecture estim\u00e9e":"1 minute"},"schema":{"@context":"https:\/\/schema.org","@graph":[{"@type":"WebPage","@id":"https:\/\/synchrone.store\/?page_id=398","url":"https:\/\/synchrone.store\/?page_id=398","name":"Panier - synchrone","isPartOf":{"@id":"https:\/\/synchrone.store\/#website"},"datePublished":"2025-11-26T18:16:11+00:00","dateModified":"2025-11-27T17:00:03+00:00","breadcrumb":{"@id":"https:\/\/synchrone.store\/?page_id=398#breadcrumb"},"inLanguage":"fr-FR","potentialAction":[{"@type":"ReadAction","target":["https:\/\/synchrone.store\/?page_id=398"]}]},{"@type":"BreadcrumbList","@id":"https:\/\/synchrone.store\/?page_id=398#breadcrumb","itemListElement":[{"@type":"ListItem","position":1,"name":"Accueil","item":"https:\/\/synchrone.store\/"},{"@type":"ListItem","position":2,"name":"Panier"}]},{"@type":"WebSite","@id":"https:\/\/synchrone.store\/#website","url":"https:\/\/synchrone.store\/","name":"synchrone","description":"Marque ind\u00e9pendante, v\u00eatements 100% coton bio fabriqu\u00e9s en Europe et s\u00e9rigraphi\u00e9s en France dans notre atelier de s\u00e9rigraphie.","publisher":{"@id":"https:\/\/synchrone.store\/#organization"},"potentialAction":[{"@type":"SearchAction","target":{"@type":"EntryPoint","urlTemplate":"https:\/\/synchrone.store\/?s={search_term_string}"},"query-input":{"@type":"PropertyValueSpecification","valueRequired":true,"valueName":"search_term_string"}}],"inLanguage":"fr-FR"},{"@type":"Organization","@id":"https:\/\/synchrone.store\/#organization","name":"synchrone","url":"https:\/\/synchrone.store\/","logo":{"@type":"ImageObject","inLanguage":"fr-FR","@id":"https:\/\/synchrone.store\/#\/schema\/logo\/image\/","url":"https:\/\/synchrone.store\/wp-content\/uploads\/2025\/04\/LOGO-VANILLA-1-scaled.png","contentUrl":"https:\/\/synchrone.store\/wp-content\/uploads\/2025\/04\/LOGO-VANILLA-1-scaled.png","width":2560,"height":526,"caption":"synchrone"},"image":{"@id":"https:\/\/synchrone.store\/#\/schema\/logo\/image\/"},"sameAs":["https:\/\/www.instagram.com\/_synchrone_\/"]}]}},"_links":{"self":[{"href":"https:\/\/synchrone.store\/index.php?rest_route=\/wp\/v2\/pages\/398","targetHints":{"allow":["GET"]}}],"collection":[{"href":"https:\/\/synchrone.store\/index.php?rest_route=\/wp\/v2\/pages"}],"about":[{"href":"https:\/\/synchrone.store\/index.php?rest_route=\/wp\/v2\/types\/page"}],"author":[{"embeddable":true,"href":"https:\/\/synchrone.store\/index.php?rest_route=\/wp\/v2\/users\/1"}],"replies":[{"embeddable":true,"href":"https:\/\/synchrone.store\/index.php?rest_route=%2Fwp%2Fv2%2Fcomments&post=398"}],"version-history":[{"count":2,"href":"https:\/\/synchrone.store\/index.php?rest_route=\/wp\/v2\/pages\/398\/revisions"}],"predecessor-version":[{"id":415,"href":"https:\/\/synchrone.store\/index.php?rest_route=\/wp\/v2\/pages\/398\/revisions\/415"}],"wp:attachment":[{"href":"https:\/\/synchrone.store\/index.php?rest_route=%2Fwp%2Fv2%2Fmedia&parent=398"}],"curies":[{"name":"wp","href":"https:\/\/api.w.org\/{rel}","templated":true}]}}